{"id":59,"date":"2026-03-18T15:12:36","date_gmt":"2026-03-18T15:12:36","guid":{"rendered":"https:\/\/banjoed.top\/?page_id=59"},"modified":"2026-03-18T15:12:39","modified_gmt":"2026-03-18T15:12:39","slug":"impressum-die-rechtliche-scorecard-von-banjoed","status":"publish","type":"page","link":"https:\/\/banjoed.top\/?page_id=59","title":{"rendered":"Impressum: Die rechtliche Scorecard von banjoed"},"content":{"rendered":"\n<p>Die nachfolgenden Angaben identifizieren den Betreiber des Golfklubs banjoed und erf\u00fcllen die Informationspflichten gem\u00e4\u00df \u00a7 5 E-Commerce-Gesetz sowie \u00a7 14 Unternehmensgesetzbuch. Im Golfsport wie im Recht ist Pr\u00e4zision die Voraussetzung f\u00fcr ein valides Ergebnis.<\/p>\n\n\n\n<figure class=\"wp-block-table\"><table class=\"has-fixed-layout\"><thead><tr><td><strong>Kategorie<\/strong><\/td><td><strong>Registerdaten &amp; Fakten<\/strong><\/td><\/tr><\/thead><tbody><tr><td><strong>Betreiber &amp; Inhaber<\/strong><\/td><td>Dr. Friedrich Breier<\/td><\/tr><tr><td><strong>Klubname<\/strong><\/td><td>banjoed<\/td><\/tr><tr><td><strong>Physischer Standort<\/strong><\/td><td>Weinweg 474, 1120 Wien, \u00d6sterreich<\/td><\/tr><tr><td><strong>Kontakt f\u00fcr Spielbetrieb<\/strong><\/td><td>mail@banjoed.top<\/td><\/tr><tr><td><strong>Umsatzsteuer-Identifikation<\/strong><\/td><td>ATU75438221<\/td><\/tr><tr><td><strong>Zust\u00e4ndige Kammer<\/strong><\/td><td>Wirtschaftskammer Wien<\/td><\/tr><tr><td><strong>Aufsichtsbeh\u00f6rde<\/strong><\/td><td>Magistrat der Stadt Wien<\/td><\/tr><\/tbody><\/table><\/figure>\n\n\n\n<p><strong>Haftungsausschluss &amp; Etikette<\/strong><\/p>\n\n\n\n<p>S\u00e4mtliche Inhalte dieser Webseite, von den Kursbeschreibungen bis zu den Turnierregeln, unterliegen dem Urheberrecht. Dr. Friedrich Breier \u00fcbernimmt keine Haftung f\u00fcr die Inhalte externer Links. F\u00fcr den Inhalt verlinkter Seiten sind ausschlie\u00dflich deren Betreiber verantwortlich \u2013 ein &#8222;Out-of-Bounds&#8220; unserer digitalen Reichweite. Wir behalten uns vor, die Informationen auf dieser Seite im Jahr 2026 jederzeit an den aktuellen Stand der Technik und des Spielbetriebs anzupassen.<\/p>\n","protected":false},"excerpt":{"rendered":"<p>Die nachfolgenden Angaben identifizieren den Betreiber des Golfklubs banjoed und erf\u00fcllen die Informationspflichten gem\u00e4\u00df \u00a7 5 E-Commerce-Gesetz sowie \u00a7 14 Unternehmensgesetzbuch. Im Golfsport wie im Recht ist Pr\u00e4zision die Voraussetzung f\u00fcr ein valides Ergebnis. Kategorie Registerdaten &amp; Fakten Betreiber &amp; Inhaber Dr. Friedrich Breier Klubname banjoed Physischer Standort Weinweg 474, 1120 Wien, \u00d6sterreich Kontakt f\u00fcr [&hellip;]<\/p>\n","protected":false},"author":1,"featured_media":0,"parent":0,"menu_order":6,"comment_status":"closed","ping_status":"closed","template":"","meta":{"footnotes":""},"class_list":["post-59","page","type-page","status-publish","hentry"],"_links":{"self":[{"href":"https:\/\/banjoed.top\/index.php?rest_route=\/wp\/v2\/pages\/59","targetHints":{"allow":["GET"]}}],"collection":[{"href":"https:\/\/banjoed.top\/index.php?rest_route=\/wp\/v2\/pages"}],"about":[{"href":"https:\/\/banjoed.top\/index.php?rest_route=\/wp\/v2\/types\/page"}],"author":[{"embeddable":true,"href":"https:\/\/banjoed.top\/index.php?rest_route=\/wp\/v2\/users\/1"}],"replies":[{"embeddable":true,"href":"https:\/\/banjoed.top\/index.php?rest_route=%2Fwp%2Fv2%2Fcomments&post=59"}],"version-history":[{"count":1,"href":"https:\/\/banjoed.top\/index.php?rest_route=\/wp\/v2\/pages\/59\/revisions"}],"predecessor-version":[{"id":61,"href":"https:\/\/banjoed.top\/index.php?rest_route=\/wp\/v2\/pages\/59\/revisions\/61"}],"wp:attachment":[{"href":"https:\/\/banjoed.top\/index.php?rest_route=%2Fwp%2Fv2%2Fmedia&parent=59"}],"curies":[{"name":"wp","href":"https:\/\/api.w.org\/{rel}","templated":true}]}}