{"id":24,"date":"2026-03-04T11:24:48","date_gmt":"2026-03-04T11:24:48","guid":{"rendered":"http:\/\/banjoed.top\/?page_id=24"},"modified":"2026-03-18T15:14:03","modified_gmt":"2026-03-18T15:14:03","slug":"kontakt-anfahrt","status":"publish","type":"page","link":"https:\/\/banjoed.top\/?page_id=24","title":{"rendered":"Kontakt"},"content":{"rendered":"\n<p>Der direkte Dialog ist die Basis f\u00fcr eine exzellente Klubkultur. Ob Sie Fragen zu Ihrem Handicap haben, eine Pro-Stunde buchen m\u00f6chten oder Interesse an einer Mitgliedschaft bei banjoed haben \u2013 Dr. Friedrich Breier und sein Team stehen Ihnen zur Verf\u00fcgung.<\/p>\n\n\n\n<p><strong>Anlaufstellen in 1120 Wien<\/strong><\/p>\n\n\n\n<ul class=\"wp-block-list\">\n<li><strong>Postanschrift:<\/strong> Weinweg 474, 1120 Wien, \u00d6sterreich<\/li>\n\n\n\n<li><strong>Digitale Korrespondenz:<\/strong> mail@banjoed.top<\/li>\n\n\n\n<li><strong>Telefon:<\/strong> +43-071-516-26-270<\/li>\n\n\n\n<li><strong>Verantwortlich:<\/strong> Dr. Friedrich Breier<\/li>\n<\/ul>\n\n\n\n<p><strong>Anfahrt &amp; Erreichbarkeit<\/strong> Unser Sekretariat am Weinweg 474 ist w\u00e4hrend der Saison t\u00e4glich besetzt. Da wir uns oft direkt auf dem Gr\u00fcn befinden, um die Qualit\u00e4t des Platzes sicherzustellen, empfehlen wir f\u00fcr detaillierte Beratungsgespr\u00e4che eine kurze Voranmeldung per E-Mail. Wir bearbeiten Anfragen unter mail@banjoed.top z\u00fcgig, damit Sie keine Zeit auf dem Weg zum n\u00e4chsten Abschlag verlieren. Wir freuen uns darauf, Sie pers\u00f6nlich in unserem Klub in Wien begr\u00fc\u00dfen zu d\u00fcrfen.<\/p>\n","protected":false},"excerpt":{"rendered":"<p>Der direkte Dialog ist die Basis f\u00fcr eine exzellente Klubkultur. Ob Sie Fragen zu Ihrem Handicap haben, eine Pro-Stunde buchen m\u00f6chten oder Interesse an einer Mitgliedschaft bei banjoed haben \u2013 Dr. Friedrich Breier und sein Team stehen Ihnen zur Verf\u00fcgung. Anlaufstellen in 1120 Wien Anfahrt &amp; Erreichbarkeit Unser Sekretariat am Weinweg 474 ist w\u00e4hrend der [&hellip;]<\/p>\n","protected":false},"author":1,"featured_media":0,"parent":0,"menu_order":5,"comment_status":"closed","ping_status":"closed","template":"","meta":{"footnotes":""},"class_list":["post-24","page","type-page","status-publish","hentry"],"_links":{"self":[{"href":"https:\/\/banjoed.top\/index.php?rest_route=\/wp\/v2\/pages\/24","targetHints":{"allow":["GET"]}}],"collection":[{"href":"https:\/\/banjoed.top\/index.php?rest_route=\/wp\/v2\/pages"}],"about":[{"href":"https:\/\/banjoed.top\/index.php?rest_route=\/wp\/v2\/types\/page"}],"author":[{"embeddable":true,"href":"https:\/\/banjoed.top\/index.php?rest_route=\/wp\/v2\/users\/1"}],"replies":[{"embeddable":true,"href":"https:\/\/banjoed.top\/index.php?rest_route=%2Fwp%2Fv2%2Fcomments&post=24"}],"version-history":[{"count":2,"href":"https:\/\/banjoed.top\/index.php?rest_route=\/wp\/v2\/pages\/24\/revisions"}],"predecessor-version":[{"id":72,"href":"https:\/\/banjoed.top\/index.php?rest_route=\/wp\/v2\/pages\/24\/revisions\/72"}],"wp:attachment":[{"href":"https:\/\/banjoed.top\/index.php?rest_route=%2Fwp%2Fv2%2Fmedia&parent=24"}],"curies":[{"name":"wp","href":"https:\/\/api.w.org\/{rel}","templated":true}]}}